{"id":36,"date":"2021-07-15T17:32:12","date_gmt":"2021-07-15T22:32:12","guid":{"rendered":"https:\/\/alhersem.com\/blog\/?page_id=36"},"modified":"2025-01-31T11:59:41","modified_gmt":"2025-01-31T16:59:41","slug":"blogs","status":"publish","type":"page","link":"https:\/\/alhersem.com\/blog\/","title":{"rendered":"Blogs"},"content":{"rendered":"\t\t<div data-elementor-type=\"wp-page\" data-elementor-id=\"36\" class=\"elementor elementor-36\">\n\t\t\t\t\t\t<section class=\"elementor-section elementor-top-section elementor-element elementor-element-cb81ae4 elementor-section-full_width elementor-section-height-min-height elementor-section-items-top elementor-section-content-top elementor-section-height-default\" data-id=\"cb81ae4\" data-element_type=\"section\" data-e-type=\"section\">\n\t\t\t\t\t\t<div class=\"elementor-container elementor-column-gap-no\">\n\t\t\t\t\t<div class=\"elementor-column elementor-col-100 elementor-top-column elementor-element elementor-element-6c1d3fd\" data-id=\"6c1d3fd\" data-element_type=\"column\" data-e-type=\"column\">\n\t\t\t<div class=\"elementor-widget-wrap elementor-element-populated\">\n\t\t\t\t\t\t<div class=\"elementor-element elementor-element-00e9271 elementor-widget elementor-widget-html\" data-id=\"00e9271\" data-element_type=\"widget\" data-e-type=\"widget\" data-widget_type=\"html.default\">\n\t\t\t\t<div class=\"elementor-widget-container\">\n\t\t\t\t\t<div style=\"box-shadow: 0 10px 15px rgb(25 25 25 \/ 50%);\n height: 2px; margin-top: -2px;\"><\/div>\t\t\t\t<\/div>\n\t\t\t\t<\/div>\n\t\t\t\t<div class=\"elementor-element elementor-element-d11893f elementor-widget elementor-widget-html\" data-id=\"d11893f\" data-element_type=\"widget\" data-e-type=\"widget\" data-widget_type=\"html.default\">\n\t\t\t\t<div class=\"elementor-widget-container\">\n\t\t\t\t\t<div class=\"banner-area banner-area-blog\">\r\n    <div class=\"d-flex align-items-center justify-content-start h-100\">\r\n        <div class=\"bkgnblack\">\r\n            <div class=\"banner-area-cont-text\">\r\n                <h1>Conoce nuestro Blog<\/h1>\r\n                            <p class=\"subtext text-sm-left\">Art\u00edculos de interes general realizados con base a informaci\u00f3n de calidad<\/p>\r\n            <\/div>\r\n        <\/div>\r\n    <\/div>\r\n<\/div>\t\t\t\t<\/div>\n\t\t\t\t<\/div>\n\t\t\t\t\t<\/div>\n\t\t<\/div>\n\t\t\t\t\t<\/div>\n\t\t<\/section>\n\t\t\t\t<section class=\"elementor-section elementor-top-section elementor-element elementor-element-adad530 elementor-section-full_width elementor-section-height-default elementor-section-height-default\" data-id=\"adad530\" data-element_type=\"section\" data-e-type=\"section\">\n\t\t\t\t\t\t<div class=\"elementor-container elementor-column-gap-no\">\n\t\t\t\t\t<div class=\"elementor-column elementor-col-100 elementor-top-column elementor-element elementor-element-a2ba94d\" data-id=\"a2ba94d\" data-element_type=\"column\" data-e-type=\"column\">\n\t\t\t<div class=\"elementor-widget-wrap elementor-element-populated\">\n\t\t\t\t\t\t<div class=\"elementor-element elementor-element-9b6c3b8 elementor-widget elementor-widget-html\" data-id=\"9b6c3b8\" data-element_type=\"widget\" data-e-type=\"widget\" data-widget_type=\"html.default\">\n\t\t\t\t<div class=\"elementor-widget-container\">\n\t\t\t\t\t<div id=\"blogs-menu\">\n    <ol class=\"d-flex flex-wrap justify-content-center tabs-gradient-gray1 bg-gradient-gray1 p-0\">\n        <li class=\"d-flex align-items-center justify-content-center active\" tipo=\"todo\">\n            <a href=\"#1\" class=\"d-flex align-items-center justify-content-center\">\n                <svg xmlns=\"http:\/\/www.w3.org\/2000\/svg\" xmlns:xlink=\"http:\/\/www.w3.org\/1999\/xlink\" version=\"1.1\" width=\"35\" height=\"35\" viewBox=\"0 0 635 635\" xml:space=\"preserve\" fill=\"#FFFFFF\">\n                    <path d=\"m309.21 19.531h-185.41c-16.207 0-29.348 13.137-29.348 29.348v185.19c0 16.219 13.145 29.348 29.348 29.348h185.41c16.211 0 29.355-13.137 29.355-29.348v-185.19c0-16.219-13.145-29.352-29.355-29.352zm-4.8438 188.61c0 11.664-9.457 21.125-21.125 21.125l-133.46-0.003907c-11.664 0-21.125-9.457-21.125-21.125l0.003906-133.3c0-11.664 9.457-21.125 21.125-21.125h133.46c11.664 0 21.125 9.457 21.125 21.125z\"\/>\n                    <path d=\"m338.57 508.31c0 16.211-13.145 29.348-29.355 29.348h-185.41c-16.207 0-29.348-13.145-29.348-29.348l-0.003906-185.2c0-16.211 13.145-29.348 29.348-29.348h185.41c16.211 0 29.355 13.145 29.355 29.348z\"\/>\n                    <path d=\"m582.03 542.54h-185.41c-16.211 0-29.344-13.145-29.344-29.344v-185.21c0-16.207 13.137-29.344 29.344-29.344h185.41c16.219 0 29.348 13.145 29.348 29.344v185.21c0.003906 16.207-13.133 29.348-29.344 29.348zm-4.8555-188.6c0-11.672-9.457-21.125-21.125-21.125l-133.45 0.003906c-11.672 0-21.129 9.4531-21.129 21.125v133.31c0 11.66 9.457 21.117 21.129 21.117h133.45c11.664 0 21.125-9.457 21.125-21.117z\"\/>\n                    <path d=\"m611.38 53.77c0-16.211-13.137-29.348-29.348-29.348h-185.41c-16.211 0-29.344 13.145-29.344 29.348v185.2c0 16.207 13.137 29.348 29.344 29.348h185.41c16.219 0 29.348-13.148 29.348-29.348v-185.2z\"\/>\n                <\/svg> Todos\n            <\/a>\n        <\/li>\n        <li class=\"d-flex align-items-center justify-content-center\" tipo=\"33\">\n            <a href=\"#diseno-de-ingenierias\" class=\"d-flex align-items-center justify-content-center\">\n                <svg xmlns=\"http:\/\/www.w3.org\/2000\/svg\" xmlns:xlink=\"http:\/\/www.w3.org\/1999\/xlink\" version=\"1.1\" width=\"35\" height=\"35\" viewBox=\"0 0 635 635\" xml:space=\"preserve\" fill=\"#FFFFFF\">\n                    <path d=\"m557.79 16.336 55.84 55.84c21.82 21.781 21.82 57.27 0 79.09l-360.11 360.11c-1.9688 1.9688-4.4023 3.168-6.9531 3.5898l-160.3 44.527c-9.6914 2.7031-18.461-6.293-15.793-15.793l44.875-161.62c0.61719-2.2031 1.7773-4.0938 3.2812-5.6016l360.07-360.19c21.82-21.781 57.309-21.781 79.09 0zm-416.77 501.38 82.449-22.902c-14.52-38.812-49.508-73.723-88.32-88.32l-22.902 82.449c15.523-1.1602 29.891 13.246 28.73 28.77zm345.25-394.18-290.1 290.1c7.2227 6.2578 13.941 12.938 20.16 20.16l290.1-290.1zm-310.88 274.65 292.76-292.76-21.047-21.047-299.45 299.45c9.5391 3.8633 18.844 8.6875 27.727 14.367zm349.14-236.38-292.76 292.76c5.6758 8.8828 10.543 18.152 14.367 27.727l299.45-299.45-21.047-21.047zm-59.238-95.656 98.516 98.516 31.59-31.629c11.738-11.703 11.738-30.934 0-42.633l-55.84-55.84c-11.738-11.703-30.934-11.703-42.672 0l-31.59 31.629z\"\/>\n                <\/svg> Dise\u00f1o de Instalaciones\n            <\/a>\n        <\/li>\n        <li class=\"d-flex align-items-center justify-content-center\" tipo=\"34\">\n            <a href=\"#consultoria-y-estudios\" class=\"d-flex align-items-center justify-content-center\">\n                <svg xmlns=\"http:\/\/www.w3.org\/2000\/svg\" xmlns:xlink=\"http:\/\/www.w3.org\/1999\/xlink\" version=\"1.1\" width=\"35\" height=\"35\" viewBox=\"0 0 635 635\" xml:space=\"preserve\" fill=\"#FFFFFF\">\n                    <path d=\"m553.02 76.984c-42.074-42.074-98-65.238-157.5-65.238-59.488 0-115.42 23.172-157.5 65.234-80.133 80.129-86.262 206.6-18.512 293.9l-129.57 129.58c-10.938 10.93-10.938 28.66 0 39.594 5.4648 5.4727 12.633 8.2031 19.797 8.2031 7.1641 0 14.336-2.7344 19.797-8.2031l129.56-129.56c38.875 30.25 86.379 46.711 136.43 46.711 59.496 0 115.42-23.168 157.49-65.234 42.074-42.074 65.238-98.004 65.238-157.5 0.003906-59.496-23.164-115.42-65.23-157.49zm-39.605 275.39c-31.488 31.488-73.355 48.832-117.89 48.832-44.531 0-86.406-17.344-117.9-48.832-65.012-65.012-65.012-170.79-0.003906-235.79 31.496-31.496 73.371-48.836 117.9-48.836 44.535 0 86.402 17.344 117.9 48.844 31.496 31.488 48.836 73.355 48.836 117.89-0.003907 44.523-17.344 86.398-48.844 117.89z\"\/>\n                <\/svg> Consultor\u00eda y Estudios\n            <\/a>\n        <\/li>\n        <li class=\"d-flex align-items-center justify-content-center\" tipo=\"35\">\n            <a href=\"#productos-industriales\" class=\"d-flex align-items-center justify-content-center\">\n                <svg xmlns=\"http:\/\/www.w3.org\/2000\/svg\" xmlns:xlink=\"http:\/\/www.w3.org\/1999\/xlink\" version=\"1.1\" width=\"35\" height=\"35\" viewBox=\"0 500 1000 1000\" xml:space=\"preserve\" fill=\"#FFFFFF\">\n                    <path d=\"M467.3,1036.3c0,36.1-12.8,66.9-38.3,92.4c-25.5,25.5-56.3,38.3-92.4,38.3s-66.9-12.8-92.4-38.3c-25.5-25.5-38.3-56.3-38.3-92.4c0-36.1,12.8-66.9,38.3-92.4c25.5-25.5,56.3-38.3,92.4-38.3s66.9,12.8,92.4,38.3C454.6,969.4,467.3,1000.2,467.3,1036.3z M859.3,774.9c0,17.7-6.5,33-19.4,45.9s-28.2,19.4-45.9,19.4s-33-6.5-45.9-19.4s-19.4-28.2-19.4-45.9c0-18,6.4-33.4,19.1-46.2c12.8-12.8,28.2-19.1,46.2-19.1s33.4,6.4,46.2,19.1C853,741.5,859.3,756.9,859.3,774.9z M859.3,1297.6c0,17.7-6.5,33-19.4,45.9c-12.9,12.9-28.2,19.4-45.9,19.4s-33-6.5-45.9-19.4c-12.9-12.9-19.4-28.2-19.4-45.9c0-18,6.4-33.4,19.1-46.2c12.8-12.8,28.2-19.1,46.2-19.1s33.4,6.4,46.2,19.1C853,1264.2,859.3,1279.6,859.3,1297.6z M663.3,1082.7v-94.4c0-3.4-1.2-6.7-3.6-10c-2.4-3.2-5.1-5-8.2-5.4l-79.1-12.3c-3.7-11.9-9.2-24.8-16.3-38.8c11.6-16.3,26.9-35.9,45.9-58.7c2.4-3.4,3.6-6.8,3.6-10.2c0-4.1-1.2-7.3-3.6-9.7c-7.8-10.2-21.9-25.4-42.1-45.7c-20.2-20.2-33.6-30.4-40.1-30.4c-3.7,0-7.3,1.2-10.7,3.6l-58.7,45.9c-12.6-6.5-25.7-11.7-39.3-15.8c-3.7-36.8-7.7-63.1-11.7-79.1c-2.4-8.2-7.5-12.3-15.3-12.3h-94.9c-3.7,0-7.1,1.3-10.2,3.8c-3.1,2.6-4.8,5.5-5.1,8.9l-11.7,78.1c-11.6,3.4-24.3,8.7-38.3,15.8l-60.2-45.4c-2.4-2.4-5.8-3.6-10.2-3.6c-3.7,0-7.3,1.4-10.7,4.1c-49,45.3-73.5,72.5-73.5,81.7c0,3.1,1.2,6.3,3.6,9.7c3.4,4.8,10.4,13.8,20.9,27.1c10.5,13.3,18.5,23.6,24,31.1c-7.8,15-13.8,28.9-17.9,41.9L22.3,975c-3.4,0.3-6.3,2-8.7,4.8c-2.4,2.9-3.6,6.2-3.6,10v94.4c0,3.4,1.2,6.7,3.6,10c2.4,3.2,5.1,5,8.2,5.4l79.1,12.3c3.7,11.9,9.2,24.8,16.3,38.8c-11.6,16.3-26.9,35.9-45.9,58.7c-2.4,3.7-3.6,7.1-3.6,10.2c0,4.1,1.2,7.5,3.6,10.2c7.5,10.2,21.4,25.4,41.9,45.4c20.4,20.1,33.9,30.1,40.3,30.1c3.7,0,7.3-1.2,10.7-3.6l58.7-45.9c11.6,6.1,24.7,11.6,39.3,16.3c3.7,36.8,7.7,63,11.7,78.6c2.4,8.2,7.5,12.3,15.3,12.3h94.9c3.7,0,7.1-1.3,10.2-3.8s4.8-5.5,5.1-8.9l11.7-78.1c11.6-3.4,24.3-8.7,38.3-15.8l60.2,45.4c2.7,2.4,6.1,3.6,10.2,3.6c3.7,0,7.3-1.4,10.7-4.1c49-45.3,73.5-72.5,73.5-81.7c0-3.1-1.2-6.3-3.6-9.7c-4.1-5.4-11.2-14.6-21.4-27.6c-10.2-12.9-17.9-23.1-23-30.6c7.8-16.3,13.6-30.3,17.4-41.9l77.6-11.7c3.4-0.7,6.3-2.5,8.7-5.4C662.1,1089.8,663.3,1086.4,663.3,1082.7z M990,810.7v-71.5c0-5.4-25.4-10.7-76.1-15.8c-4.1-9.2-9.2-18-15.3-26.5c17.4-38.5,26-61.9,26-70.4c0-1.4-0.7-2.6-2-3.6c-41.5-24.2-62.6-36.2-63.3-36.2c-2.7,0-10.5,8-23.5,24c-12.9,16-21.8,27.6-26.5,34.7c-6.8-0.7-11.9-1-15.3-1s-8.5,0.3-15.3,1c-4.8-7.1-13.6-18.7-26.5-34.7c-12.9-16-20.8-24-23.5-24c-0.7,0-21.8,12.1-63.3,36.2c-1.4,1-2,2.2-2,3.6c0,8.5,8.7,32,26,70.4c-6.1,8.5-11.2,17.4-15.3,26.5c-50.7,5.1-76.1,10.4-76.1,15.8v71.5c0,5.4,25.4,10.7,76.1,15.8c4.4,9.9,9.5,18.7,15.3,26.5c-17.4,38.5-26,61.9-26,70.4c0,1.4,0.7,2.6,2,3.6c1.4,0.7,7.3,4.1,17.9,10.2c10.5,6.1,20.6,11.9,30.1,17.4c9.5,5.4,14.6,8.2,15.3,8.2c2.7,0,10.5-7.9,23.5-23.7c12.9-15.8,21.8-27.3,26.5-34.5c6.8,0.7,11.9,1,15.3,1s8.5-0.3,15.3-1c17.4,24.2,33,43.2,47,57.2l3.1,1c1.4,0,22.5-11.9,63.3-35.7c1.4-1,2-2.2,2-3.6c0-8.5-8.7-32-26-70.4c5.8-7.8,10.9-16.7,15.3-26.5C964.6,821.4,990,816.1,990,810.7z M990,1333.3v-71.5c0-5.4-25.4-10.7-76.1-15.8c-4.1-9.2-9.2-18-15.3-26.5c17.4-38.5,26-61.9,26-70.4c0-1.4-0.7-2.6-2-3.6c-41.5-24.2-62.6-36.2-63.3-36.2c-2.7,0-10.5,8-23.5,24c-12.9,16-21.8,27.6-26.5,34.7c-6.8-0.7-11.9-1-15.3-1s-8.5,0.3-15.3,1c-4.8-7.1-13.6-18.7-26.5-34.7c-12.9-16-20.8-24-23.5-24c-0.7,0-21.8,12.1-63.3,36.2c-1.4,1-2,2.2-2,3.6c0,8.5,8.7,32,26,70.4c-6.1,8.5-11.2,17.4-15.3,26.5c-50.7,5.1-76.1,10.4-76.1,15.8v71.5c0,5.4,25.4,10.7,76.1,15.8c4.4,9.9,9.5,18.7,15.3,26.5c-17.4,38.5-26,61.9-26,70.4c0,1.4,0.7,2.6,2,3.6c1.4,0.7,7.3,4.1,17.9,10.2c10.5,6.1,20.6,11.9,30.1,17.4c9.5,5.4,14.6,8.2,15.3,8.2c2.7,0,10.5-7.9,23.5-23.7c12.9-15.8,21.8-27.3,26.5-34.5c6.8,0.7,11.9,1,15.3,1s8.5-0.3,15.3-1c17.4,24.2,33,43.2,47,57.2l3.1,1c1.4,0,22.5-11.9,63.3-35.7c1.4-1,2-2.2,2-3.6c0-8.5-8.7-32-26-70.4c5.8-7.8,10.9-16.7,15.3-26.5C964.6,1344,990,1338.8,990,1333.3z\"><\/path>\n                <\/svg> Productos Industriales\n            <\/a>\n        <\/li>\n        <li class=\"d-flex align-items-center justify-content-center\" tipo=\"97\">\n            <a href=\"#noticias\" class=\"d-flex align-items-center justify-content-center\">\n                <svg xmlns=\"http:\/\/www.w3.org\/2000\/svg\" xmlns:xlink=\"http:\/\/www.w3.org\/1999\/xlink\" version=\"1.1\" height=\"35\" width=\"35\" x=\"0px\" y=\"0px\" viewBox=\"5 -7 40 60\" xml:space=\"preserve\" fill=\"#FFFFFF\">\n                    <path class=\"fil0\" d=\"M4.776 11.531c0,-1.991 1.349,-3.358 3.375,-3.358l30.04 0c2.013,0 3.369,1.358 3.369,3.358l0 26.948c0,1.999 -1.344,3.359 -3.369,3.359l-30.04 0c-2.011,0 -3.375,-1.361 -3.375,-3.359l0 -26.948zm2.496 -7.134c-1.65,0.298 -2.539,0.534 -3.876,1.677 -0.905,0.773 -1.751,1.938 -2.168,3.433 -0.408,1.459 -0.252,3.679 -0.252,5.349l0 22.34c0,2.152 -0.016,3.178 0.839,4.762 0.643,1.191 1.576,2.15 2.743,2.796 1.57,0.869 2.58,0.908 4.701,0.908l30.74 0c0.862,0 1.924,0.053 2.738,-0.05 3.101,-0.395 5.302,-2.402 6.051,-5.109 0.383,-1.383 0.239,-3.738 0.239,-5.348l0 -16.741c0,-2.078 0.007,-3.197 -0.84,-4.743 -0.348,-0.637 -0.75,-1.152 -1.2,-1.603 -0.239,-0.238 -0.455,-0.433 -0.747,-0.653 -1.233,-0.936 -0.713,-0.121 -1.07,-1.679 -0.239,-1.044 -0.758,-2.007 -1.392,-2.8 -0.781,-0.975 -1.852,-1.76 -3.326,-2.266 -1.391,-0.476 -3.652,-0.322 -5.294,-0.322 -8.381,0 -16.761,0 -25.141,0 -0.792,0 -2.036,-0.079 -2.745,0.049z\"\/>\n                    <path class=\"fil0\" d=\"M22.59 37.313c0.095,0.546 0.54,0.922 1.192,0.936 0.694,0.014 1.405,0 2.101,0 1.489,0 12.151,0.081 12.644,-0.033 0.58,-0.134 0.817,-0.707 0.818,-1.31l-0.001 -10.559c0,-5.575 0.563,-5.121 -3.311,-5.121 -1.448,0 -12.176,-0.077 -12.624,0.038 -0.552,0.141 -0.829,0.613 -0.828,1.289l0.009 14.76zm3.705 -14.51l9.241 0c1.1,0 1.999,0.899 1.999,1.999l0 9.761c0,1.1 -0.899,2 -1.999,2l-9.241 0c-1.1,0 -1.999,-0.9 -1.999,-2l0 -9.761c0,-1.1 0.899,-1.999 1.999,-1.999z\"\/>\n                    <path class=\"fil0\" d=\"M29.675 18.609c0.995,0.01 1.124,-1.006 1.397,-1.824l1.612 -4.743c0.124,-0.395 0.349,-0.892 0.163,-1.346 -0.272,-0.665 -1.537,-0.945 -1.948,0.143 -0.278,0.731 -1.001,3.199 -1.204,3.509 -0.111,-0.13 -0.2,-0.448 -0.255,-0.608 -0.075,-0.221 -0.128,-0.385 -0.204,-0.601 -0.135,-0.387 -0.263,-0.806 -0.393,-1.186 -0.344,-1.002 -0.407,-1.824 -1.385,-1.834 -1.027,-0.01 -1.113,0.959 -1.404,1.803l-0.607 1.851c-0.089,0.289 -0.093,0.394 -0.296,0.532 -0.253,-0.757 -0.515,-1.581 -0.785,-2.374 -0.283,-0.832 -0.379,-1.792 -1.341,-1.811 -0.489,-0.009 -0.871,0.243 -0.989,0.609 -0.169,0.526 0.065,0.925 0.194,1.364l1.996 5.883c0.158,0.345 0.435,0.621 0.957,0.632 1.017,0.023 1.108,-0.964 1.397,-1.776l0.785 -2.369c0.256,0.088 0.097,-0.137 0.246,0.247l0.695 2.107c0.271,0.802 0.378,1.782 1.369,1.792z\"\/>\n                    <path class=\"fil0\" d=\"M20.716 36.496c0.322,-1.274 -0.689,-2.285 -1.836,-2.317 -2.501,-0.069 -5.904,-0.001 -8.513,-0.001 -0.683,0 -1.352,-0.048 -1.848,0.242 -1.665,0.973 -1.068,3.505 0.914,3.554 2.574,0.063 5.858,0 8.517,0 1.167,0 2.372,0.086 2.766,-1.478z\"\/>\n                    <path class=\"fil0\" d=\"M20.733 23.839c0.289,-0.884 -0.385,-2.267 -1.788,-2.334 -1.364,-0.064 -2.882,-0.004 -4.261,-0.004 -1.42,0 -2.839,0 -4.258,0 -0.763,0 -1.33,-0.077 -1.912,0.245 -1.66,0.917 -1.063,3.504 0.918,3.547 2.631,0.057 5.82,0.001 8.518,0.001 1.213,0 2.273,0.104 2.783,-1.455z\"\/>\n                    <path class=\"fil0\" d=\"M7.559 29.963c0.099,0.638 0.425,1.063 0.82,1.343 0.498,0.355 1.013,0.342 1.755,0.342l8.517 0.001c1.23,0.003 2.251,-0.766 2.117,-2.095 -0.067,-0.666 -0.413,-1.115 -0.804,-1.375 -0.563,-0.374 -0.958,-0.337 -1.781,-0.336l-8.517 -0.002c-1.46,-0.002 -2.274,1.062 -2.107,2.122z\"\/>\n                    <path class=\"fil0\" d=\"M7.634 17.422c0,0.72 0.341,1.231 1.099,1.182 0.753,-0.048 0.959,-0.579 0.955,-1.356 -0.003,-0.759 0.001,-1.518 0,-2.276 -0.001,-0.3 -0.093,-0.987 0.151,-0.654l2.379 3.291c0.326,0.448 0.558,0.992 1.299,1.001 0.765,0.009 1.121,-0.416 1.121,-1.188l0 -6.125c0,-1.601 -1.805,-1.377 -2.008,-0.463 -0.149,0.67 0.004,2.827 -0.032,3.692 -0.183,-0.069 -1.936,-2.58 -2.237,-2.983 -0.324,-0.434 -0.759,-1.265 -1.305,-1.391 -0.938,-0.217 -1.422,0.322 -1.422,1.145l0 6.125z\"\/>\n                    <path class=\"fil0\" d=\"M17.653 13.169c-0.062,-0.139 -0.128,-0.865 0.035,-0.969 0.166,-0.107 2.717,0.068 3.195,-0.075 0.525,-0.158 0.905,-0.865 0.552,-1.51 -0.315,-0.575 -0.883,-0.496 -1.677,-0.495 -4.907,0 -4.203,-0.666 -4.203,4.561 0,4.663 -0.619,3.92 4.846,3.93 1.778,0.003 1.704,-1.974 0.116,-1.977 -0.719,0 -1.439,0 -2.159,0.002 -0.805,0.002 -0.747,0.065 -0.754,-0.315 -0.003,-0.169 -0.052,-0.876 0.071,-0.989 0.222,-0.136 1.793,-0.049 2.2,-0.049 0.768,-0.001 1.278,-0.272 1.247,-1.068 -0.065,-1.676 -2.862,-0.674 -3.469,-1.046z\"\/>\n                    <path class=\"fil0\" d=\"M35.389 12.455c0.717,-0.666 1.999,-0.009 2.322,0.088 0.859,0.259 1.619,-0.647 1.211,-1.45 -0.449,-0.882 -2.956,-1.379 -4.483,-0.514 -1.433,0.811 -1.505,2.888 -0.182,3.894 0.561,0.426 1.327,0.634 2.091,0.889 1.582,0.53 0.85,1.064 0.199,1.164 -1.278,0.194 -1.729,-0.592 -2.187,-0.762 -1.212,-0.449 -2.558,1.617 0.477,2.619 0.77,0.254 1.771,0.306 2.57,0.06 1.911,-0.588 2.327,-2.435 1.592,-3.693 -0.365,-0.626 -0.956,-0.957 -1.73,-1.256 -0.964,-0.371 -1.87,-0.398 -1.88,-1.039z\"\/>\n                <\/svg> Noticias<\/a>\n        <\/li>\n    <\/ol>\n<\/div>\t\t\t\t<\/div>\n\t\t\t\t<\/div>\n\t\t\t\t\t<\/div>\n\t\t<\/div>\n\t\t\t\t\t<\/div>\n\t\t<\/section>\n\t\t\t\t<section class=\"elementor-section elementor-top-section elementor-element elementor-element-6c3f48c elementor-section-full_width elementor-section-height-default elementor-section-height-default\" data-id=\"6c3f48c\" data-element_type=\"section\" data-e-type=\"section\">\n\t\t\t\t\t\t<div class=\"elementor-container elementor-column-gap-default\">\n\t\t\t\t\t<div class=\"elementor-column elementor-col-100 elementor-top-column elementor-element elementor-element-f5f9b90\" data-id=\"f5f9b90\" data-element_type=\"column\" data-e-type=\"column\">\n\t\t\t<div class=\"elementor-widget-wrap elementor-element-populated\">\n\t\t\t\t\t\t<div class=\"elementor-element elementor-element-5cdc483 elementor-widget elementor-widget-html\" data-id=\"5cdc483\" data-element_type=\"widget\" data-e-type=\"widget\" data-widget_type=\"html.default\">\n\t\t\t\t<div class=\"elementor-widget-container\">\n\t\t\t\t\t<div id=\"blogs-area\" class=\"col-12 col-lg-11 col-xl-10 mx-auto\">\r\n    <div id=\"bloggrid\" class=\"pt-30\"><\/div>\r\n    <div id=\"noblogsmsg\" class=\"text-center mb-5 hiddenblog\"><p class=\"text-center\" style=\"color: #6c6c6c;\">No se pudieron recuperar los blogs.<\/p><\/div>\r\n    <div id=\"divpaginacion\" class=\"mt-4 hiddenblog\"><\/div>\r\n<\/div>\t\t\t\t<\/div>\n\t\t\t\t<\/div>\n\t\t\t\t\t<\/div>\n\t\t<\/div>\n\t\t\t\t\t<\/div>\n\t\t<\/section>\n\t\t\t\t<section class=\"elementor-section elementor-top-section elementor-element elementor-element-39596c4 elementor-section-full_width elementor-hidden-desktop elementor-hidden-tablet elementor-hidden-mobile elementor-section-height-default elementor-section-height-default\" data-id=\"39596c4\" data-element_type=\"section\" data-e-type=\"section\">\n\t\t\t\t\t\t<div class=\"elementor-container elementor-column-gap-default\">\n\t\t\t\t\t<div class=\"elementor-column elementor-col-100 elementor-top-column elementor-element elementor-element-3177c91 hiddenblog\" data-id=\"3177c91\" data-element_type=\"column\" data-e-type=\"column\" id=\"formhomeblog\">\n\t\t\t<div class=\"elementor-widget-wrap elementor-element-populated\">\n\t\t\t\t\t\t<div class=\"elementor-element elementor-element-bfdcf1b elementor-widget elementor-widget-heading\" data-id=\"bfdcf1b\" data-element_type=\"widget\" data-e-type=\"widget\" data-widget_type=\"heading.default\">\n\t\t\t\t<div class=\"elementor-widget-container\">\n\t\t\t\t\t<h4 class=\"elementor-heading-title elementor-size-default\">\u00bfTe gustar\u00eda que hablemos de un tema en espec\u00edfico?\n<br>\nD\u00e9janos tu sugerencia<\/h4>\t\t\t\t<\/div>\n\t\t\t\t<\/div>\n\t\t\t\t<div class=\"elementor-element elementor-element-140f195 col-10 elementor-widget elementor-widget-html\" data-id=\"140f195\" data-element_type=\"widget\" data-e-type=\"widget\" data-widget_type=\"html.default\">\n\t\t\t\t<div class=\"elementor-widget-container\">\n\t\t\t\t\t<form id=\"formcontacto\" onsubmit=\"return false;\" class=\"d-flex flex-wrap form-blue py-10\">\r\n    <div class=\"col-12 col-md-6 py-2\">\r\n        <label for=\"nomcontacto\">Nombre <span style=\"color: red;\">*<\/span><\/label>\r\n        <input class=\"form-control\" maxlength=\"200\" type=\"text\" id=\"nomcontacto\" name=\"nombre\" autocomplete=\"off\" onchange=\"formato_texto(this, 'camelcase', 1, 0)\" required \/>\r\n    <\/div>\r\n    <div class=\"col-12 col-md-6 py-2\">\r\n        <label for=\"apecontacto\">Apellidos <span style=\"color: red;\">*<\/span><\/label>\r\n        <input class=\"form-control\" maxlength=\"200\" type=\"text\" id=\"apecontacto\" name=\"apellidos\" autocomplete=\"off\" onchange=\"formato_texto(this, 'camelcase', 1, 0)\" required \/>\r\n    <\/div>\r\n    <div class=\"col-12 col-md-6 py-2\">\r\n        <label for=\"correocontacto\">Correo electr\u00f3nico <span style=\"color: red;\">*<\/span><\/label>\r\n        <input class=\"form-control\" type=\"email\" id=\"correocontacto\" name=\"correo\" autocomplete=\"off\" onchange=\"formato_texto(this, 'none', 1, 0)\" required \/>\r\n    <\/div>\r\n    <div class=\"col-12 col-md-6 py-2\">\r\n        <label for=\"telcontacto\">Tel\u00e9fono (opcional)<\/label>\r\n        <input type=\"tel\" class=\"form-control\" id=\"telcontacto\" name=\"telefono\" autocomplete=\"off\" \/>\r\n    <\/div>\r\n    <div class=\"col-12 col-md-6 py-2\">\r\n        <label for=\"empcontacto\">Empresa (opcional)<\/label>\r\n        <input class=\"form-control\" maxlength=\"200\" type=\"text\" id=\"empcontacto\" name=\"empresa\" autocomplete=\"off\" onchange=\"formato_texto(this, 'camelcase', 1, 0)\" \/>\r\n    <\/div>\r\n    <div class=\"col-12 col-md-6 py-2\">\r\n        <label for=\"paiscontacto\">Pa\u00eds (opcional)<\/label>\r\n        <input class=\"form-control\" maxlength=\"200\" type=\"text\" id=\"paiscontacto\" name=\"pais\" autocomplete=\"off\" onchange=\"formato_texto(this, 'camelcase', 1, 0);\" \/>\r\n    <\/div>\r\n    <div class=\"col-12 col-md-6 py-2\">\r\n        <label for=\"estadocontacto\">Estado (opcional)<\/label>\r\n        <input class=\"form-control\" maxlength=\"200\" type=\"text\" id=\"estadocontacto\" name=\"estado\" autocomplete=\"off\" onchange=\"formato_texto(this, 'camelcase', 1, 0);\" \/>\r\n    <\/div>\r\n    <div class=\"col-12 col-md-6 py-2\">\r\n        <label for=\"ciudadcontacto\">Ciudad (opcional)<\/label>\r\n        <input class=\"form-control\" maxlength=\"200\" type=\"text\" id=\"ciudadcontacto\" name=\"ciudad\" autocomplete=\"off\" onchange=\"formato_texto(this, 'camelcase', 1, 0);\" \/>\r\n    <\/div>\r\n    <div class=\"col-12 py-2\">\r\n        <label for=\"msjcontacto\">Mensaje <span style=\"color: red;\">*<\/span><\/label>\r\n        <textarea class=\"form-control\" id=\"msjcontacto\" name=\"mensaje\" required><\/textarea>\r\n    <\/div>\r\n    <div class=\"col-12\" style=\"display: none;\">\r\n        <select class=\"form-control\" id=\"origencontacto\" name=\"origen\">\r\n            <option value=\"1\" selected>Contacto en web<\/option>\r\n            <option value=\"2\">Descarga en web<\/option>\r\n            <option value=\"3\">LinkedIn<\/option>\r\n            <option value=\"4\">B\u00fasqueda org\u00e1nica del cliente<\/option>\r\n            <option value=\"5\">B\u00fasqueda org\u00e1nica nuestra<\/option>\r\n            <option value=\"6\">Google Ads<\/option>\r\n        <\/select>\r\n        <input type=\"hidden\" id=\"asuntocontacto\" name=\"asunto\" value=\"Contacto en blog\">\r\n        <input type=\"hidden\" id=\"linkcontacto\" name=\"link\" value=\"<?= get_permalink(); ?>\">\r\n    <\/div>\r\n    <div class=\"col-12 text-center py-2\">\r\n        <button class=\"btn\" form=\"formcontacto\" onclick=\"preparardatos(this.getAttribute('form'),event,this)\">Enviar<\/button>\r\n    <\/div>\r\n<\/form>\r\n<div id=\"contactomsjespera\" class=\"text-center border-form d-none py-4\">\r\n    <p class=\"f-600 text-gray2 text-center m-0\">Enviando datos, espere un momento<\/p>\r\n<\/div>\r\n<div id=\"contactomsjexito\" class=\"text-center border-form d-none py-4\">\r\n    <p class=\"f-600 text-gray2 text-center\">\u00a1Datos enviados correctamente!<br>Tu mensaje ser\u00e1 atendido en un momento<\/p>\r\n    <br>\r\n    <p class=\"f-600 text-gray2 text-center m-0\">\u00bfDesea <u class=\"text-blue1 cursor-pointer\" onclick=\"resetform('formcontacto', 'contactomsjexito');\">enviar otro mensaje<\/u>?<\/p>\r\n<\/div>\t\t\t\t<\/div>\n\t\t\t\t<\/div>\n\t\t\t\t\t<\/div>\n\t\t<\/div>\n\t\t\t\t\t<\/div>\n\t\t<\/section>\n\t\t\t\t<\/div>\n\t\t","protected":false},"excerpt":{"rendered":"<p>Conoce nuestro Blog Art\u00edculos de interes general realizados con base a informaci\u00f3n de calidad Todos Dise\u00f1o de Instalaciones Consultor\u00eda y Estudios Productos Industriales Noticias No se pudieron recuperar los blogs. \u00bfTe gustar\u00eda que hablemos de un tema en espec\u00edfico? D\u00e9janos tu sugerencia Nombre * Apellidos * Correo electr\u00f3nico * Tel\u00e9fono (opcional) Empresa (opcional) Pa\u00eds (opcional)&hellip; <a class=\"more-link\" href=\"https:\/\/alhersem.com\/blog\/\">Seguir leyendo <span class=\"screen-reader-text\">Blogs<\/span><\/a><\/p>\n","protected":false},"author":1,"featured_media":0,"parent":0,"menu_order":0,"comment_status":"closed","ping_status":"closed","template":"elementor_header_footer","meta":{"footnotes":""},"class_list":["post-36","page","type-page","status-publish","hentry","entry"],"aioseo_notices":[],"_links":{"self":[{"href":"https:\/\/alhersem.com\/blog\/wp-json\/wp\/v2\/pages\/36","targetHints":{"allow":["GET"]}}],"collection":[{"href":"https:\/\/alhersem.com\/blog\/wp-json\/wp\/v2\/pages"}],"about":[{"href":"https:\/\/alhersem.com\/blog\/wp-json\/wp\/v2\/types\/page"}],"author":[{"embeddable":true,"href":"https:\/\/alhersem.com\/blog\/wp-json\/wp\/v2\/users\/1"}],"replies":[{"embeddable":true,"href":"https:\/\/alhersem.com\/blog\/wp-json\/wp\/v2\/comments?post=36"}],"version-history":[{"count":271,"href":"https:\/\/alhersem.com\/blog\/wp-json\/wp\/v2\/pages\/36\/revisions"}],"predecessor-version":[{"id":8165,"href":"https:\/\/alhersem.com\/blog\/wp-json\/wp\/v2\/pages\/36\/revisions\/8165"}],"wp:attachment":[{"href":"https:\/\/alhersem.com\/blog\/wp-json\/wp\/v2\/media?parent=36"}],"curies":[{"name":"wp","href":"https:\/\/api.w.org\/{rel}","templated":true}]}}